{"id":776,"date":"2024-07-03T15:40:07","date_gmt":"2024-07-03T13:40:07","guid":{"rendered":"https:\/\/taxizakopanerysy.pl\/?page_id=776"},"modified":"2024-07-04T10:15:29","modified_gmt":"2024-07-04T08:15:29","slug":"wycieczki-jedno-dniowe","status":"publish","type":"page","link":"https:\/\/taxizakopanerysy.pl\/?page_id=776","title":{"rendered":"Wycieczki jedno dniowe"},"content":{"rendered":"\t\t<div data-elementor-type=\"wp-page\" data-elementor-id=\"776\" class=\"elementor elementor-776\" data-elementor-post-type=\"page\">\n\t\t\t\t<div class=\"elementor-element elementor-element-d0b3044 e-flex e-con-boxed e-con e-parent\" data-id=\"d0b3044\" data-element_type=\"container\">\n\t\t\t\t\t<div class=\"e-con-inner\">\n\t\t\t\t<div class=\"elementor-element elementor-element-df61557 ee-grid-columns-1 ee-grid-halign--center ee-grid-columns-tablet-2 ee-grid-columns-mobile-1 ee-grid-align--stretch ee-posts-avatar-position-left elementor-widget elementor-widget-posts-extra\" data-id=\"df61557\" data-element_type=\"widget\" data-settings=\"{&quot;columns&quot;:&quot;1&quot;,&quot;columns_tablet&quot;:&quot;2&quot;,&quot;columns_mobile&quot;:&quot;1&quot;,&quot;classic_grid_columns_spacing&quot;:{&quot;unit&quot;:&quot;px&quot;,&quot;size&quot;:24,&quot;sizes&quot;:[]},&quot;classic_grid_columns_spacing_tablet&quot;:{&quot;unit&quot;:&quot;px&quot;,&quot;size&quot;:12,&quot;sizes&quot;:[]},&quot;classic_grid_columns_spacing_mobile&quot;:{&quot;unit&quot;:&quot;px&quot;,&quot;size&quot;:0,&quot;sizes&quot;:[]}}\" data-widget_type=\"posts-extra.classic\">\n\t\t\t\t<div class=\"elementor-widget-container\">\n\t\t\t\t\t<div class=\"ee-grid ee-loop ee-grid--default\"><div class=\"ee-grid__item--sizer\"><\/div><div class=\"ee-grid__item ee-loop__item\"><article class=\"ee-post post-711 post type-post status-publish format-standard hentry category-tatrocar category-uslugi category-wycieczki-jednodniowe\"><div class=\"ee-post__body ee-post__area\"><a href=\"https:\/\/taxizakopanerysy.pl\/?p=711\" class=\"ee-post__title\">\n\t\t\t<h2 class=\"ee-post__title__heading\">Bus Morskie Oko Palenica Bia\u0142cza\u0144ska\u00a0oraz\u00a0S\u0142owacja<\/h2>\n\t\t<\/a><div class=\"ee-post__excerpt\">Codzienne wyjazdy zbiorowe busemna Palenice Bia\u0142cza\u0144sk\u0105 (Morskie Oko) lub na S\u0142owacje nad Popradskie Pleso. Je\u017adzimy ju\u017c\u00a0od\u00a03\u00a0nad\u00a0ranem Zarezerwuj miejsce w busie na Palenice Bia\u0142cza\u0144sk\u0105 (Morskie Oko) lub S\u0142owacje. Odbierzemy Ci\u0119 z kwatery w cenie ju\u017c od 30 z\u0142 za osob\u0119. Organizujemy codzienne wyjazdy od bardzo wczesnych godzin. Startujemy ju\u017c od 3:00.<\/div><div class=\"ee-post__read-more\">\n\t\t\t<a class=\"ee-post__button\" href=\"https:\/\/taxizakopanerysy.pl\/?p=711\">\n\t\t\t\tCzytaj Wi\u0119cej\t\t\t<\/a>\n\t\t<\/div><\/div><!-- .ee-post__body --><\/article><!-- .ee-post --><\/div><!-- .ee-loop__item --><div class=\"ee-grid__item ee-loop__item\"><article class=\"ee-post post-705 post type-post status-publish format-standard hentry category-polski-splyw-dunajcem category-uslugi category-wycieczki-jednodniowe\"><div class=\"ee-post__body ee-post__area\"><a href=\"https:\/\/taxizakopanerysy.pl\/?p=705\" class=\"ee-post__title\">\n\t\t\t<h2 class=\"ee-post__title__heading\">Polski Sp\u0142yw Dunajcem plus Rafting na pontonach lub kajaki<\/h2>\n\t\t<\/a><div class=\"ee-post__excerpt\">Wyjazd mi\u0119dzy godz. 9.00 a 9.30 \u2013 z najbli\u017cszych okolic miejsca zakwaterowania.Sp\u0142yw tratwami flisackimi z dowcipnymi flisakami poprzez malowniczy, w\u0105ski przesmyk g\u00f3rski Dunajca w Pieni\u0144skim Parku Narodowym to niezapomniane wra\u017cenia oraz mo\u017cliwo\u015b\u0107 podziwiania pi\u0119kna pieni\u0144skiej przyrody z niecodziennej perspektywy (ok. 2 godz. \u2013 18 km) (do wyboru sp\u0142yw tradycyjny lub<\/div><div class=\"ee-post__read-more\">\n\t\t\t<a class=\"ee-post__button\" href=\"https:\/\/taxizakopanerysy.pl\/?p=705\">\n\t\t\t\tCzytaj Wi\u0119cej\t\t\t<\/a>\n\t\t<\/div><\/div><!-- .ee-post__body --><\/article><!-- .ee-post --><\/div><!-- .ee-loop__item --><\/div><!-- .ee-loop -->\t\t\t\t<\/div>\n\t\t\t\t<\/div>\n\t\t\t\t<div class=\"elementor-element elementor-element-341 elementor-widget__width-initial elementor-fixed elementor-align-center elementor-widget elementor-widget-global elementor-global-341 elementor-widget-button\" data-id=\"341\" data-element_type=\"widget\" data-settings=\"{&quot;_position&quot;:&quot;fixed&quot;}\" data-widget_type=\"button.default\">\n\t\t\t\t<div class=\"elementor-widget-container\">\n\t\t\t\t\t\t\t\t\t<div class=\"elementor-button-wrapper\">\n\t\t\t\t\t<a class=\"elementor-button elementor-button-link elementor-size-md\" href=\"tel:+48%20886%20769%20265\">\n\t\t\t\t\t\t<span class=\"elementor-button-content-wrapper\">\n\t\t\t\t\t\t<span class=\"elementor-button-icon\">\n\t\t\t\t<svg aria-hidden=\"true\" class=\"e-font-icon-svg e-fas-phone-alt\" viewBox=\"0 0 512 512\" xmlns=\"http:\/\/www.w3.org\/2000\/svg\"><path d=\"M497.39 361.8l-112-48a24 24 0 0 0-28 6.9l-49.6 60.6A370.66 370.66 0 0 1 130.6 204.11l60.6-49.6a23.94 23.94 0 0 0 6.9-28l-48-112A24.16 24.16 0 0 0 122.6.61l-104 24A24 24 0 0 0 0 48c0 256.5 207.9 464 464 464a24 24 0 0 0 23.4-18.6l24-104a24.29 24.29 0 0 0-14.01-27.6z\"><\/path><\/svg>\t\t\t<\/span>\n\t\t\t\t\t\t\t\t<\/span>\n\t\t\t\t\t<\/a>\n\t\t\t\t<\/div>\n\t\t\t\t\t\t\t\t<\/div>\n\t\t\t\t<\/div>\n\t\t\t\t\t<\/div>\n\t\t\t\t<\/div>\n\t\t<div class=\"elementor-element elementor-element-18fc0e9 e-flex e-con-boxed e-con e-parent\" data-id=\"18fc0e9\" data-element_type=\"container\">\n\t\t\t\t\t<div class=\"e-con-inner\">\n\t\t\t\t\t<\/div>\n\t\t\t\t<\/div>\n\t\t\t\t<\/div>\n\t\t","protected":false},"excerpt":{"rendered":"<p>Bus Morskie Oko Palenica Bia\u0142cza\u0144ska\u00a0oraz\u00a0S\u0142owacja Codzienne wyjazdy zbiorowe busemna Palenice Bia\u0142cza\u0144sk\u0105 (Morskie Oko) lub na S\u0142owacje nad Popradskie Pleso. Je\u017adzimy ju\u017c\u00a0od\u00a03\u00a0nad\u00a0ranem Zarezerwuj miejsce w busie&hellip;<\/p>\n","protected":false},"author":1,"featured_media":0,"parent":0,"menu_order":0,"comment_status":"closed","ping_status":"closed","template":"","meta":{"footnotes":""},"class_list":["post-776","page","type-page","status-publish","hentry"],"yoast_head":"<!-- This site is optimized with the Yoast SEO Premium plugin v24.0 (Yoast SEO v24.0) - https:\/\/yoast.com\/wordpress\/plugins\/seo\/ -->\n<title>Wycieczki jedno dniowe - Taxi Zakopane &quot;RYSY&quot;<\/title>\n<meta name=\"robots\" content=\"index, follow, max-snippet:-1, max-image-preview:large, max-video-preview:-1\" \/>\n<link rel=\"canonical\" href=\"https:\/\/taxizakopanerysy.pl\/?page_id=776\" \/>\n<meta property=\"og:locale\" content=\"en_US\" \/>\n<meta property=\"og:type\" content=\"article\" \/>\n<meta property=\"og:title\" content=\"Wycieczki jedno dniowe\" \/>\n<meta property=\"og:description\" content=\"Bus Morskie Oko Palenica Bia\u0142cza\u0144ska\u00a0oraz\u00a0S\u0142owacja Codzienne wyjazdy zbiorowe busemna Palenice Bia\u0142cza\u0144sk\u0105 (Morskie Oko) lub na S\u0142owacje nad Popradskie Pleso. Je\u017adzimy ju\u017c\u00a0od\u00a03\u00a0nad\u00a0ranem Zarezerwuj miejsce w busie&hellip;\" \/>\n<meta property=\"og:url\" content=\"https:\/\/taxizakopanerysy.pl\/?page_id=776\" \/>\n<meta property=\"og:site_name\" content=\"Taxi Zakopane &quot;RYSY&quot;\" \/>\n<meta property=\"article:publisher\" content=\"https:\/\/www.facebook.com\/TaxiRysy24h\" \/>\n<meta property=\"article:modified_time\" content=\"2024-07-04T08:15:29+00:00\" \/>\n<meta name=\"twitter:card\" content=\"summary_large_image\" \/>\n<meta name=\"twitter:label1\" content=\"Est. reading time\" \/>\n\t<meta name=\"twitter:data1\" content=\"1 minute\" \/>\n<script type=\"application\/ld+json\" class=\"yoast-schema-graph\">{\"@context\":\"https:\/\/schema.org\",\"@graph\":[{\"@type\":\"WebPage\",\"@id\":\"https:\/\/taxizakopanerysy.pl\/?page_id=776\",\"url\":\"https:\/\/taxizakopanerysy.pl\/?page_id=776\",\"name\":\"Wycieczki jedno dniowe - Taxi Zakopane &quot;RYSY&quot;\",\"isPartOf\":{\"@id\":\"https:\/\/taxizakopanerysy.pl\/#website\"},\"datePublished\":\"2024-07-03T13:40:07+00:00\",\"dateModified\":\"2024-07-04T08:15:29+00:00\",\"breadcrumb\":{\"@id\":\"https:\/\/taxizakopanerysy.pl\/?page_id=776#breadcrumb\"},\"inLanguage\":\"en-US\",\"potentialAction\":[{\"@type\":\"ReadAction\",\"target\":[\"https:\/\/taxizakopanerysy.pl\/?page_id=776\"]}]},{\"@type\":\"BreadcrumbList\",\"@id\":\"https:\/\/taxizakopanerysy.pl\/?page_id=776#breadcrumb\",\"itemListElement\":[{\"@type\":\"ListItem\",\"position\":1,\"name\":\"Strona g\u0142\u00f3wna\",\"item\":\"https:\/\/taxizakopanerysy.pl\/\"},{\"@type\":\"ListItem\",\"position\":2,\"name\":\"Wycieczki jedno dniowe\"}]},{\"@type\":\"WebSite\",\"@id\":\"https:\/\/taxizakopanerysy.pl\/#website\",\"url\":\"https:\/\/taxizakopanerysy.pl\/\",\"name\":\"Taxi Zakopane \\\"Rysy\\\"\",\"description\":\"Zarezerwuj teraz niezawodn\u0105 us\u0142ug\u0119 taks\u00f3wki w Zakopanem.\",\"publisher\":{\"@id\":\"https:\/\/taxizakopanerysy.pl\/#organization\"},\"potentialAction\":[{\"@type\":\"SearchAction\",\"target\":{\"@type\":\"EntryPoint\",\"urlTemplate\":\"https:\/\/taxizakopanerysy.pl\/?s={search_term_string}\"},\"query-input\":{\"@type\":\"PropertyValueSpecification\",\"valueRequired\":true,\"valueName\":\"search_term_string\"}}],\"inLanguage\":\"en-US\"},{\"@type\":\"Organization\",\"@id\":\"https:\/\/taxizakopanerysy.pl\/#organization\",\"name\":\"Taxi Zakopane \\\"Rysy\\\"\",\"url\":\"https:\/\/taxizakopanerysy.pl\/\",\"logo\":{\"@type\":\"ImageObject\",\"inLanguage\":\"en-US\",\"@id\":\"https:\/\/taxizakopanerysy.pl\/#\/schema\/logo\/image\/\",\"url\":\"https:\/\/taxizakopanerysy.pl\/wp-content\/uploads\/2024\/04\/2380-kopia.png\",\"contentUrl\":\"https:\/\/taxizakopanerysy.pl\/wp-content\/uploads\/2024\/04\/2380-kopia.png\",\"width\":578,\"height\":578,\"caption\":\"Taxi Zakopane \\\"Rysy\\\"\"},\"image\":{\"@id\":\"https:\/\/taxizakopanerysy.pl\/#\/schema\/logo\/image\/\"},\"sameAs\":[\"https:\/\/www.facebook.com\/TaxiRysy24h\"],\"publishingPrinciples\":\"https:\/\/taxizakopanerysy.pl\/\"}]}<\/script>\n<!-- \/ Yoast SEO Premium plugin. -->","yoast_head_json":{"title":"Wycieczki jedno dniowe - Taxi Zakopane &quot;RYSY&quot;","robots":{"index":"index","follow":"follow","max-snippet":"max-snippet:-1","max-image-preview":"max-image-preview:large","max-video-preview":"max-video-preview:-1"},"canonical":"https:\/\/taxizakopanerysy.pl\/?page_id=776","og_locale":"en_US","og_type":"article","og_title":"Wycieczki jedno dniowe","og_description":"Bus Morskie Oko Palenica Bia\u0142cza\u0144ska\u00a0oraz\u00a0S\u0142owacja Codzienne wyjazdy zbiorowe busemna Palenice Bia\u0142cza\u0144sk\u0105 (Morskie Oko) lub na S\u0142owacje nad Popradskie Pleso. Je\u017adzimy ju\u017c\u00a0od\u00a03\u00a0nad\u00a0ranem Zarezerwuj miejsce w busie&hellip;","og_url":"https:\/\/taxizakopanerysy.pl\/?page_id=776","og_site_name":"Taxi Zakopane &quot;RYSY&quot;","article_publisher":"https:\/\/www.facebook.com\/TaxiRysy24h","article_modified_time":"2024-07-04T08:15:29+00:00","twitter_card":"summary_large_image","twitter_misc":{"Est. reading time":"1 minute"},"schema":{"@context":"https:\/\/schema.org","@graph":[{"@type":"WebPage","@id":"https:\/\/taxizakopanerysy.pl\/?page_id=776","url":"https:\/\/taxizakopanerysy.pl\/?page_id=776","name":"Wycieczki jedno dniowe - Taxi Zakopane &quot;RYSY&quot;","isPartOf":{"@id":"https:\/\/taxizakopanerysy.pl\/#website"},"datePublished":"2024-07-03T13:40:07+00:00","dateModified":"2024-07-04T08:15:29+00:00","breadcrumb":{"@id":"https:\/\/taxizakopanerysy.pl\/?page_id=776#breadcrumb"},"inLanguage":"en-US","potentialAction":[{"@type":"ReadAction","target":["https:\/\/taxizakopanerysy.pl\/?page_id=776"]}]},{"@type":"BreadcrumbList","@id":"https:\/\/taxizakopanerysy.pl\/?page_id=776#breadcrumb","itemListElement":[{"@type":"ListItem","position":1,"name":"Strona g\u0142\u00f3wna","item":"https:\/\/taxizakopanerysy.pl\/"},{"@type":"ListItem","position":2,"name":"Wycieczki jedno dniowe"}]},{"@type":"WebSite","@id":"https:\/\/taxizakopanerysy.pl\/#website","url":"https:\/\/taxizakopanerysy.pl\/","name":"Taxi Zakopane \"Rysy\"","description":"Zarezerwuj teraz niezawodn\u0105 us\u0142ug\u0119 taks\u00f3wki w Zakopanem.","publisher":{"@id":"https:\/\/taxizakopanerysy.pl\/#organization"},"potentialAction":[{"@type":"SearchAction","target":{"@type":"EntryPoint","urlTemplate":"https:\/\/taxizakopanerysy.pl\/?s={search_term_string}"},"query-input":{"@type":"PropertyValueSpecification","valueRequired":true,"valueName":"search_term_string"}}],"inLanguage":"en-US"},{"@type":"Organization","@id":"https:\/\/taxizakopanerysy.pl\/#organization","name":"Taxi Zakopane \"Rysy\"","url":"https:\/\/taxizakopanerysy.pl\/","logo":{"@type":"ImageObject","inLanguage":"en-US","@id":"https:\/\/taxizakopanerysy.pl\/#\/schema\/logo\/image\/","url":"https:\/\/taxizakopanerysy.pl\/wp-content\/uploads\/2024\/04\/2380-kopia.png","contentUrl":"https:\/\/taxizakopanerysy.pl\/wp-content\/uploads\/2024\/04\/2380-kopia.png","width":578,"height":578,"caption":"Taxi Zakopane \"Rysy\""},"image":{"@id":"https:\/\/taxizakopanerysy.pl\/#\/schema\/logo\/image\/"},"sameAs":["https:\/\/www.facebook.com\/TaxiRysy24h"],"publishingPrinciples":"https:\/\/taxizakopanerysy.pl\/"}]}},"_links":{"self":[{"href":"https:\/\/taxizakopanerysy.pl\/index.php?rest_route=\/wp\/v2\/pages\/776","targetHints":{"allow":["GET"]}}],"collection":[{"href":"https:\/\/taxizakopanerysy.pl\/index.php?rest_route=\/wp\/v2\/pages"}],"about":[{"href":"https:\/\/taxizakopanerysy.pl\/index.php?rest_route=\/wp\/v2\/types\/page"}],"author":[{"embeddable":true,"href":"https:\/\/taxizakopanerysy.pl\/index.php?rest_route=\/wp\/v2\/users\/1"}],"replies":[{"embeddable":true,"href":"https:\/\/taxizakopanerysy.pl\/index.php?rest_route=%2Fwp%2Fv2%2Fcomments&post=776"}],"version-history":[{"count":19,"href":"https:\/\/taxizakopanerysy.pl\/index.php?rest_route=\/wp\/v2\/pages\/776\/revisions"}],"predecessor-version":[{"id":799,"href":"https:\/\/taxizakopanerysy.pl\/index.php?rest_route=\/wp\/v2\/pages\/776\/revisions\/799"}],"wp:attachment":[{"href":"https:\/\/taxizakopanerysy.pl\/index.php?rest_route=%2Fwp%2Fv2%2Fmedia&parent=776"}],"curies":[{"name":"wp","href":"https:\/\/api.w.org\/{rel}","templated":true}]}}