{"id":49,"date":"2024-04-17T13:24:40","date_gmt":"2024-04-17T11:24:40","guid":{"rendered":"https:\/\/taxizakopanerysy.pl\/?page_id=49"},"modified":"2025-12-08T13:58:02","modified_gmt":"2025-12-08T12:58:02","slug":"kontakt","status":"publish","type":"page","link":"https:\/\/taxizakopanerysy.pl\/?page_id=49","title":{"rendered":"Kontakt"},"content":{"rendered":"\t\t<div data-elementor-type=\"wp-page\" data-elementor-id=\"49\" class=\"elementor elementor-49\" data-elementor-post-type=\"page\">\n\t\t\t\t<div class=\"elementor-element elementor-element-7913273 e-flex e-con-boxed e-con e-parent\" data-id=\"7913273\" data-element_type=\"container\">\n\t\t\t\t\t<div class=\"e-con-inner\">\n\t\t\t\t<div class=\"elementor-element elementor-element-0d71da6 elementor-cta--skin-cover elementor-cta--valign-bottom elementor-bg-transform elementor-bg-transform-zoom-out elementor-animated-content elementor-widget elementor-widget-call-to-action\" data-id=\"0d71da6\" data-element_type=\"widget\" data-widget_type=\"call-to-action.default\">\n\t\t\t\t<div class=\"elementor-widget-container\">\n\t\t\t\t\t\t\t<div class=\"elementor-cta\">\n\t\t\t\t\t<div class=\"elementor-cta__bg-wrapper\">\n\t\t\t\t<div class=\"elementor-cta__bg elementor-bg\" style=\"background-image: url(https:\/\/taxizakopanerysy.pl\/wp-content\/uploads\/2024\/04\/R-1.jpeg);\" role=\"img\" aria-label=\"R (1)\"><\/div>\n\t\t\t\t<div class=\"elementor-cta__bg-overlay\"><\/div>\n\t\t\t<\/div>\n\t\t\t\t\t\t\t<div class=\"elementor-cta__content\">\n\t\t\t\t\n\t\t\t\t\n\t\t\t\t\t\t\t\t\t<div class=\"elementor-cta__description elementor-cta__content-item elementor-content-item elementor-animated-item--grow\">\n\t\t\t\t\t\tZadzwo\u0144 do nas \t\t\t\t\t<\/div>\n\t\t\t\t\n\t\t\t\t\t\t\t\t\t<div class=\"elementor-cta__button-wrapper elementor-cta__content-item elementor-content-item elementor-animated-item--grow\">\n\t\t\t\t\t<a class=\"elementor-cta__button elementor-button elementor-size-\" href=\"tel:+48794958119\">\n\t\t\t\t\t\tZadzwo\u0144 \t\t\t\t\t<\/a>\n\t\t\t\t\t<\/div>\n\t\t\t\t\t\t\t<\/div>\n\t\t\t\t\t\t<\/div>\n\t\t\t\t\t\t<\/div>\n\t\t\t\t<\/div>\n\t\t\t\t\t<\/div>\n\t\t\t\t<\/div>\n\t\t<div class=\"elementor-element elementor-element-d594df2 e-flex e-con-boxed e-con e-parent\" data-id=\"d594df2\" data-element_type=\"container\">\n\t\t\t\t\t<div class=\"e-con-inner\">\n\t\t\t\t<div class=\"elementor-element elementor-element-cd84c55 elementor-widget elementor-widget-spacer\" data-id=\"cd84c55\" data-element_type=\"widget\" data-widget_type=\"spacer.default\">\n\t\t\t\t<div class=\"elementor-widget-container\">\n\t\t\t\t\t\t\t<div class=\"elementor-spacer\">\n\t\t\t<div class=\"elementor-spacer-inner\"><\/div>\n\t\t<\/div>\n\t\t\t\t\t\t<\/div>\n\t\t\t\t<\/div>\n\t\t\t\t<div class=\"elementor-element elementor-element-4383a0a elementor-widget elementor-widget-heading\" data-id=\"4383a0a\" data-element_type=\"widget\" data-widget_type=\"heading.default\">\n\t\t\t\t<div class=\"elementor-widget-container\">\n\t\t\t\t\t<h2 class=\"elementor-heading-title elementor-size-default\">Kontakt z nami:<\/h2>\t\t\t\t<\/div>\n\t\t\t\t<\/div>\n\t\t\t\t\t<\/div>\n\t\t\t\t<\/div>\n\t\t<div class=\"elementor-element elementor-element-650c703 e-flex e-con-boxed e-con e-parent\" data-id=\"650c703\" data-element_type=\"container\">\n\t\t\t\t\t<div class=\"e-con-inner\">\n\t\t<div class=\"elementor-element elementor-element-dd95fae e-con-full e-flex e-con e-child\" data-id=\"dd95fae\" data-element_type=\"container\">\n\t\t\t\t<div class=\"elementor-element elementor-element-8cfb711 elementor-position-top elementor-widget elementor-widget-image-box\" data-id=\"8cfb711\" data-element_type=\"widget\" data-widget_type=\"image-box.default\">\n\t\t\t\t<div class=\"elementor-widget-container\">\n\t\t\t\t\t<div class=\"elementor-image-box-wrapper\"><figure class=\"elementor-image-box-img\"><img fetchpriority=\"high\" decoding=\"async\" width=\"300\" height=\"265\" src=\"https:\/\/taxizakopanerysy.pl\/wp-content\/uploads\/2024\/04\/Bez-nazwy-1.png\" class=\"attachment-full size-full wp-image-261\" alt=\"\" \/><\/figure><div class=\"elementor-image-box-content\"><h3 class=\"elementor-image-box-title\">Dawid Stacho\u0144<\/h3><p class=\"elementor-image-box-description\">ul. Oberconi\u00f3wka 24b, \n34-500 Zakopane\n<\/p><\/div><\/div>\t\t\t\t<\/div>\n\t\t\t\t<\/div>\n\t\t\t\t<div class=\"elementor-element elementor-element-5911970 elementor-align-center elementor-icon-list--layout-traditional elementor-list-item-link-full_width elementor-widget elementor-widget-icon-list\" data-id=\"5911970\" data-element_type=\"widget\" data-widget_type=\"icon-list.default\">\n\t\t\t\t<div class=\"elementor-widget-container\">\n\t\t\t\t\t\t\t<ul class=\"elementor-icon-list-items\">\n\t\t\t\t\t\t\t<li class=\"elementor-icon-list-item\">\n\t\t\t\t\t\t\t\t\t\t\t<a href=\"tel:+48794958119\">\n\n\t\t\t\t\t\t\t\t\t\t\t\t<span class=\"elementor-icon-list-icon\">\n\t\t\t\t\t\t\t<svg aria-hidden=\"true\" class=\"e-font-icon-svg e-fas-phone-square-alt\" viewBox=\"0 0 448 512\" xmlns=\"http:\/\/www.w3.org\/2000\/svg\"><path d=\"M400 32H48A48 48 0 0 0 0 80v352a48 48 0 0 0 48 48h352a48 48 0 0 0 48-48V80a48 48 0 0 0-48-48zm-16.39 307.37l-15 65A15 15 0 0 1 354 416C194 416 64 286.29 64 126a15.7 15.7 0 0 1 11.63-14.61l65-15A18.23 18.23 0 0 1 144 96a16.27 16.27 0 0 1 13.79 9.09l30 70A17.9 17.9 0 0 1 189 181a17 17 0 0 1-5.5 11.61l-37.89 31a231.91 231.91 0 0 0 110.78 110.78l31-37.89A17 17 0 0 1 299 291a17.85 17.85 0 0 1 5.91 1.21l70 30A16.25 16.25 0 0 1 384 336a17.41 17.41 0 0 1-.39 3.37z\"><\/path><\/svg>\t\t\t\t\t\t<\/span>\n\t\t\t\t\t\t\t\t\t\t<span class=\"elementor-icon-list-text\">Telefon: +48794958119<\/span>\n\t\t\t\t\t\t\t\t\t\t\t<\/a>\n\t\t\t\t\t\t\t\t\t<\/li>\n\t\t\t\t\t\t\t\t<li class=\"elementor-icon-list-item\">\n\t\t\t\t\t\t\t\t\t\t\t<a href=\"mailto:dvdstach666@interia.eu\">\n\n\t\t\t\t\t\t\t\t\t\t\t\t<span class=\"elementor-icon-list-icon\">\n\t\t\t\t\t\t\t<svg aria-hidden=\"true\" class=\"e-font-icon-svg e-fas-envelope\" viewBox=\"0 0 512 512\" xmlns=\"http:\/\/www.w3.org\/2000\/svg\"><path d=\"M502.3 190.8c3.9-3.1 9.7-.2 9.7 4.7V400c0 26.5-21.5 48-48 48H48c-26.5 0-48-21.5-48-48V195.6c0-5 5.7-7.8 9.7-4.7 22.4 17.4 52.1 39.5 154.1 113.6 21.1 15.4 56.7 47.8 92.2 47.6 35.7.3 72-32.8 92.3-47.6 102-74.1 131.6-96.3 154-113.7zM256 320c23.2.4 56.6-29.2 73.4-41.4 132.7-96.3 142.8-104.7 173.4-128.7 5.8-4.5 9.2-11.5 9.2-18.9v-19c0-26.5-21.5-48-48-48H48C21.5 64 0 85.5 0 112v19c0 7.4 3.4 14.3 9.2 18.9 30.6 23.9 40.7 32.4 173.4 128.7 16.8 12.2 50.2 41.8 73.4 41.4z\"><\/path><\/svg>\t\t\t\t\t\t<\/span>\n\t\t\t\t\t\t\t\t\t\t<span class=\"elementor-icon-list-text\">Email: Taxizakopanerysy24h@gmail.com<\/span>\n\t\t\t\t\t\t\t\t\t\t\t<\/a>\n\t\t\t\t\t\t\t\t\t<\/li>\n\t\t\t\t\t\t<\/ul>\n\t\t\t\t\t\t<\/div>\n\t\t\t\t<\/div>\n\t\t\t\t<div class=\"elementor-element elementor-element-1578a73 elementor-widget elementor-widget-text-editor\" data-id=\"1578a73\" data-element_type=\"widget\" data-widget_type=\"text-editor.default\">\n\t\t\t\t<div class=\"elementor-widget-container\">\n\t\t\t\t\t\t\t\t\t<h1 data-start=\"2639\" data-end=\"2656\"><img decoding=\"async\" class=\"emoji\" role=\"img\" draggable=\"false\" src=\"https:\/\/s.w.org\/images\/core\/emoji\/17.0.2\/svg\/1f4de.svg\" alt=\"\ud83d\udcde\" \/> REZERWACJE<\/h1><p data-start=\"2657\" data-end=\"2704\"><a href=\"http:\/\/+48 886 769 265\" data-wplink-url-error=\"true\"><strong data-start=\"2657\" data-end=\"2676\">+48 886 769 265<\/strong><br data-start=\"2676\" data-end=\"2679\" \/><\/a><em data-start=\"2679\" data-end=\"2702\">Kuligi FunTime &amp; Snow<\/em><\/p><p data-start=\"2706\" data-end=\"2780\"><img decoding=\"async\" class=\"emoji\" role=\"img\" draggable=\"false\" src=\"https:\/\/s.w.org\/images\/core\/emoji\/17.0.2\/svg\/1f434.svg\" alt=\"\ud83d\udc34\" \/><img decoding=\"async\" class=\"emoji\" role=\"img\" draggable=\"false\" src=\"https:\/\/s.w.org\/images\/core\/emoji\/17.0.2\/svg\/2744.svg\" alt=\"\u2744\ufe0f\" \/> Zapraszamy na wyj\u0105tkowy kulig w najbardziej malowniczej dolinie Tatr!<\/p>\t\t\t\t\t\t\t\t<\/div>\n\t\t\t\t<\/div>\n\t\t\t\t<\/div>\n\t\t<div class=\"elementor-element elementor-element-efdf94a e-con-full e-flex e-con e-child\" data-id=\"efdf94a\" data-element_type=\"container\">\n\t\t\t\t<div class=\"elementor-element elementor-element-90e8cad elementor-widget elementor-widget-google_maps\" data-id=\"90e8cad\" data-element_type=\"widget\" data-widget_type=\"google_maps.default\">\n\t\t\t\t<div class=\"elementor-widget-container\">\n\t\t\t\t\t\t\t<div class=\"elementor-custom-embed\">\n\t\t\t<iframe loading=\"lazy\"\n\t\t\t\t\tsrc=\"https:\/\/www.google.com\/maps\/embed\/v1\/place?key=AIzaSyAqK87aFLGSLarBILxa2RmUEu_uyIMH6wY&#038;q=Taxi%20rysy%2024&#038;zoom=18\"\n\t\t\t\t\ttitle=\"Taxi rysy 24\"\n\t\t\t\t\taria-label=\"Taxi rysy 24\"\n\t\t\t><\/iframe>\n\t\t<\/div>\n\t\t\t\t\t\t<\/div>\n\t\t\t\t<\/div>\n\t\t\t\t<\/div>\n\t\t\t\t\t<\/div>\n\t\t\t\t<\/div>\n\t\t<div class=\"elementor-element elementor-element-b9d6f37 e-flex e-con-boxed e-con e-parent\" data-id=\"b9d6f37\" data-element_type=\"container\">\n\t\t\t\t\t<div class=\"e-con-inner\">\n\t\t\t\t<div class=\"elementor-element elementor-element-934125b elementor-widget__width-initial elementor-fixed elementor-align-center elementor-widget elementor-widget-global elementor-global-341 elementor-widget-button\" data-id=\"934125b\" data-element_type=\"widget\" data-settings=\"{&quot;_position&quot;:&quot;fixed&quot;}\" data-widget_type=\"button.default\">\n\t\t\t\t<div class=\"elementor-widget-container\">\n\t\t\t\t\t\t\t\t\t<div class=\"elementor-button-wrapper\">\n\t\t\t\t\t<a class=\"elementor-button elementor-button-link elementor-size-md\" href=\"tel:+48%20886%20769%20265\">\n\t\t\t\t\t\t<span class=\"elementor-button-content-wrapper\">\n\t\t\t\t\t\t<span class=\"elementor-button-icon\">\n\t\t\t\t<svg aria-hidden=\"true\" class=\"e-font-icon-svg e-fas-phone-alt\" viewBox=\"0 0 512 512\" xmlns=\"http:\/\/www.w3.org\/2000\/svg\"><path d=\"M497.39 361.8l-112-48a24 24 0 0 0-28 6.9l-49.6 60.6A370.66 370.66 0 0 1 130.6 204.11l60.6-49.6a23.94 23.94 0 0 0 6.9-28l-48-112A24.16 24.16 0 0 0 122.6.61l-104 24A24 24 0 0 0 0 48c0 256.5 207.9 464 464 464a24 24 0 0 0 23.4-18.6l24-104a24.29 24.29 0 0 0-14.01-27.6z\"><\/path><\/svg>\t\t\t<\/span>\n\t\t\t\t\t\t\t\t<\/span>\n\t\t\t\t\t<\/a>\n\t\t\t\t<\/div>\n\t\t\t\t\t\t\t\t<\/div>\n\t\t\t\t<\/div>\n\t\t\t\t\t<\/div>\n\t\t\t\t<\/div>\n\t\t\t\t<\/div>\n\t\t","protected":false},"excerpt":{"rendered":"<p>Zadzwo\u0144 do nas Zadzwo\u0144 Kontakt z nami: Dawid Stacho\u0144 ul. Oberconi\u00f3wka 24b, 34-500 Zakopane Telefon: +48794958119 Email: Taxizakopanerysy24h@gmail.com REZERWACJE +48 886 769 265Kuligi FunTime &amp;&hellip;<\/p>\n","protected":false},"author":1,"featured_media":0,"parent":0,"menu_order":0,"comment_status":"closed","ping_status":"closed","template":"","meta":{"footnotes":""},"class_list":["post-49","page","type-page","status-publish","hentry"],"yoast_head":"<!-- This site is optimized with the Yoast SEO Premium plugin v24.0 (Yoast SEO v24.0) - https:\/\/yoast.com\/wordpress\/plugins\/seo\/ -->\n<title>Kontakt - Taxi Zakopane &quot;RYSY&quot;<\/title>\n<meta name=\"robots\" content=\"index, follow, max-snippet:-1, max-image-preview:large, max-video-preview:-1\" \/>\n<link rel=\"canonical\" href=\"https:\/\/taxizakopanerysy.pl\/?page_id=49\" \/>\n<meta property=\"og:locale\" content=\"en_US\" \/>\n<meta property=\"og:type\" content=\"article\" \/>\n<meta property=\"og:title\" content=\"Kontakt\" \/>\n<meta property=\"og:description\" content=\"Zadzwo\u0144 do nas Zadzwo\u0144 Kontakt z nami: Dawid Stacho\u0144 ul. Oberconi\u00f3wka 24b, 34-500 Zakopane Telefon: +48794958119 Email: Taxizakopanerysy24h@gmail.com REZERWACJE +48 886 769 265Kuligi FunTime &amp;&hellip;\" \/>\n<meta property=\"og:url\" content=\"https:\/\/taxizakopanerysy.pl\/?page_id=49\" \/>\n<meta property=\"og:site_name\" content=\"Taxi Zakopane &quot;RYSY&quot;\" \/>\n<meta property=\"article:publisher\" content=\"https:\/\/www.facebook.com\/TaxiRysy24h\" \/>\n<meta property=\"article:modified_time\" content=\"2025-12-08T12:58:02+00:00\" \/>\n<meta property=\"og:image\" content=\"https:\/\/taxizakopanerysy.pl\/wp-content\/uploads\/2024\/04\/Bez-nazwy-1.png\" \/>\n\t<meta property=\"og:image:width\" content=\"300\" \/>\n\t<meta property=\"og:image:height\" content=\"265\" \/>\n\t<meta property=\"og:image:type\" content=\"image\/png\" \/>\n<meta name=\"twitter:card\" content=\"summary_large_image\" \/>\n<meta name=\"twitter:label1\" content=\"Est. reading time\" \/>\n\t<meta name=\"twitter:data1\" content=\"1 minute\" \/>\n<script type=\"application\/ld+json\" class=\"yoast-schema-graph\">{\"@context\":\"https:\/\/schema.org\",\"@graph\":[{\"@type\":\"WebPage\",\"@id\":\"https:\/\/taxizakopanerysy.pl\/?page_id=49\",\"url\":\"https:\/\/taxizakopanerysy.pl\/?page_id=49\",\"name\":\"Kontakt - Taxi Zakopane &quot;RYSY&quot;\",\"isPartOf\":{\"@id\":\"https:\/\/taxizakopanerysy.pl\/#website\"},\"primaryImageOfPage\":{\"@id\":\"https:\/\/taxizakopanerysy.pl\/?page_id=49#primaryimage\"},\"image\":{\"@id\":\"https:\/\/taxizakopanerysy.pl\/?page_id=49#primaryimage\"},\"thumbnailUrl\":\"https:\/\/taxizakopanerysy.pl\/wp-content\/uploads\/2024\/04\/Bez-nazwy-1.png\",\"datePublished\":\"2024-04-17T11:24:40+00:00\",\"dateModified\":\"2025-12-08T12:58:02+00:00\",\"breadcrumb\":{\"@id\":\"https:\/\/taxizakopanerysy.pl\/?page_id=49#breadcrumb\"},\"inLanguage\":\"en-US\",\"potentialAction\":[{\"@type\":\"ReadAction\",\"target\":[\"https:\/\/taxizakopanerysy.pl\/?page_id=49\"]}]},{\"@type\":\"ImageObject\",\"inLanguage\":\"en-US\",\"@id\":\"https:\/\/taxizakopanerysy.pl\/?page_id=49#primaryimage\",\"url\":\"https:\/\/taxizakopanerysy.pl\/wp-content\/uploads\/2024\/04\/Bez-nazwy-1.png\",\"contentUrl\":\"https:\/\/taxizakopanerysy.pl\/wp-content\/uploads\/2024\/04\/Bez-nazwy-1.png\",\"width\":300,\"height\":265},{\"@type\":\"BreadcrumbList\",\"@id\":\"https:\/\/taxizakopanerysy.pl\/?page_id=49#breadcrumb\",\"itemListElement\":[{\"@type\":\"ListItem\",\"position\":1,\"name\":\"Strona g\u0142\u00f3wna\",\"item\":\"https:\/\/taxizakopanerysy.pl\/\"},{\"@type\":\"ListItem\",\"position\":2,\"name\":\"Kontakt\"}]},{\"@type\":\"WebSite\",\"@id\":\"https:\/\/taxizakopanerysy.pl\/#website\",\"url\":\"https:\/\/taxizakopanerysy.pl\/\",\"name\":\"Taxi Zakopane \\\"Rysy\\\"\",\"description\":\"Zarezerwuj teraz niezawodn\u0105 us\u0142ug\u0119 taks\u00f3wki w Zakopanem.\",\"publisher\":{\"@id\":\"https:\/\/taxizakopanerysy.pl\/#organization\"},\"potentialAction\":[{\"@type\":\"SearchAction\",\"target\":{\"@type\":\"EntryPoint\",\"urlTemplate\":\"https:\/\/taxizakopanerysy.pl\/?s={search_term_string}\"},\"query-input\":{\"@type\":\"PropertyValueSpecification\",\"valueRequired\":true,\"valueName\":\"search_term_string\"}}],\"inLanguage\":\"en-US\"},{\"@type\":\"Organization\",\"@id\":\"https:\/\/taxizakopanerysy.pl\/#organization\",\"name\":\"Taxi Zakopane \\\"Rysy\\\"\",\"url\":\"https:\/\/taxizakopanerysy.pl\/\",\"logo\":{\"@type\":\"ImageObject\",\"inLanguage\":\"en-US\",\"@id\":\"https:\/\/taxizakopanerysy.pl\/#\/schema\/logo\/image\/\",\"url\":\"https:\/\/taxizakopanerysy.pl\/wp-content\/uploads\/2024\/04\/2380-kopia.png\",\"contentUrl\":\"https:\/\/taxizakopanerysy.pl\/wp-content\/uploads\/2024\/04\/2380-kopia.png\",\"width\":578,\"height\":578,\"caption\":\"Taxi Zakopane \\\"Rysy\\\"\"},\"image\":{\"@id\":\"https:\/\/taxizakopanerysy.pl\/#\/schema\/logo\/image\/\"},\"sameAs\":[\"https:\/\/www.facebook.com\/TaxiRysy24h\"],\"publishingPrinciples\":\"https:\/\/taxizakopanerysy.pl\/\"}]}<\/script>\n<!-- \/ Yoast SEO Premium plugin. -->","yoast_head_json":{"title":"Kontakt - Taxi Zakopane &quot;RYSY&quot;","robots":{"index":"index","follow":"follow","max-snippet":"max-snippet:-1","max-image-preview":"max-image-preview:large","max-video-preview":"max-video-preview:-1"},"canonical":"https:\/\/taxizakopanerysy.pl\/?page_id=49","og_locale":"en_US","og_type":"article","og_title":"Kontakt","og_description":"Zadzwo\u0144 do nas Zadzwo\u0144 Kontakt z nami: Dawid Stacho\u0144 ul. Oberconi\u00f3wka 24b, 34-500 Zakopane Telefon: +48794958119 Email: Taxizakopanerysy24h@gmail.com REZERWACJE +48 886 769 265Kuligi FunTime &amp;&hellip;","og_url":"https:\/\/taxizakopanerysy.pl\/?page_id=49","og_site_name":"Taxi Zakopane &quot;RYSY&quot;","article_publisher":"https:\/\/www.facebook.com\/TaxiRysy24h","article_modified_time":"2025-12-08T12:58:02+00:00","og_image":[{"width":300,"height":265,"url":"https:\/\/taxizakopanerysy.pl\/wp-content\/uploads\/2024\/04\/Bez-nazwy-1.png","type":"image\/png"}],"twitter_card":"summary_large_image","twitter_misc":{"Est. reading time":"1 minute"},"schema":{"@context":"https:\/\/schema.org","@graph":[{"@type":"WebPage","@id":"https:\/\/taxizakopanerysy.pl\/?page_id=49","url":"https:\/\/taxizakopanerysy.pl\/?page_id=49","name":"Kontakt - Taxi Zakopane &quot;RYSY&quot;","isPartOf":{"@id":"https:\/\/taxizakopanerysy.pl\/#website"},"primaryImageOfPage":{"@id":"https:\/\/taxizakopanerysy.pl\/?page_id=49#primaryimage"},"image":{"@id":"https:\/\/taxizakopanerysy.pl\/?page_id=49#primaryimage"},"thumbnailUrl":"https:\/\/taxizakopanerysy.pl\/wp-content\/uploads\/2024\/04\/Bez-nazwy-1.png","datePublished":"2024-04-17T11:24:40+00:00","dateModified":"2025-12-08T12:58:02+00:00","breadcrumb":{"@id":"https:\/\/taxizakopanerysy.pl\/?page_id=49#breadcrumb"},"inLanguage":"en-US","potentialAction":[{"@type":"ReadAction","target":["https:\/\/taxizakopanerysy.pl\/?page_id=49"]}]},{"@type":"ImageObject","inLanguage":"en-US","@id":"https:\/\/taxizakopanerysy.pl\/?page_id=49#primaryimage","url":"https:\/\/taxizakopanerysy.pl\/wp-content\/uploads\/2024\/04\/Bez-nazwy-1.png","contentUrl":"https:\/\/taxizakopanerysy.pl\/wp-content\/uploads\/2024\/04\/Bez-nazwy-1.png","width":300,"height":265},{"@type":"BreadcrumbList","@id":"https:\/\/taxizakopanerysy.pl\/?page_id=49#breadcrumb","itemListElement":[{"@type":"ListItem","position":1,"name":"Strona g\u0142\u00f3wna","item":"https:\/\/taxizakopanerysy.pl\/"},{"@type":"ListItem","position":2,"name":"Kontakt"}]},{"@type":"WebSite","@id":"https:\/\/taxizakopanerysy.pl\/#website","url":"https:\/\/taxizakopanerysy.pl\/","name":"Taxi Zakopane \"Rysy\"","description":"Zarezerwuj teraz niezawodn\u0105 us\u0142ug\u0119 taks\u00f3wki w Zakopanem.","publisher":{"@id":"https:\/\/taxizakopanerysy.pl\/#organization"},"potentialAction":[{"@type":"SearchAction","target":{"@type":"EntryPoint","urlTemplate":"https:\/\/taxizakopanerysy.pl\/?s={search_term_string}"},"query-input":{"@type":"PropertyValueSpecification","valueRequired":true,"valueName":"search_term_string"}}],"inLanguage":"en-US"},{"@type":"Organization","@id":"https:\/\/taxizakopanerysy.pl\/#organization","name":"Taxi Zakopane \"Rysy\"","url":"https:\/\/taxizakopanerysy.pl\/","logo":{"@type":"ImageObject","inLanguage":"en-US","@id":"https:\/\/taxizakopanerysy.pl\/#\/schema\/logo\/image\/","url":"https:\/\/taxizakopanerysy.pl\/wp-content\/uploads\/2024\/04\/2380-kopia.png","contentUrl":"https:\/\/taxizakopanerysy.pl\/wp-content\/uploads\/2024\/04\/2380-kopia.png","width":578,"height":578,"caption":"Taxi Zakopane \"Rysy\""},"image":{"@id":"https:\/\/taxizakopanerysy.pl\/#\/schema\/logo\/image\/"},"sameAs":["https:\/\/www.facebook.com\/TaxiRysy24h"],"publishingPrinciples":"https:\/\/taxizakopanerysy.pl\/"}]}},"_links":{"self":[{"href":"https:\/\/taxizakopanerysy.pl\/index.php?rest_route=\/wp\/v2\/pages\/49","targetHints":{"allow":["GET"]}}],"collection":[{"href":"https:\/\/taxizakopanerysy.pl\/index.php?rest_route=\/wp\/v2\/pages"}],"about":[{"href":"https:\/\/taxizakopanerysy.pl\/index.php?rest_route=\/wp\/v2\/types\/page"}],"author":[{"embeddable":true,"href":"https:\/\/taxizakopanerysy.pl\/index.php?rest_route=\/wp\/v2\/users\/1"}],"replies":[{"embeddable":true,"href":"https:\/\/taxizakopanerysy.pl\/index.php?rest_route=%2Fwp%2Fv2%2Fcomments&post=49"}],"version-history":[{"count":46,"href":"https:\/\/taxizakopanerysy.pl\/index.php?rest_route=\/wp\/v2\/pages\/49\/revisions"}],"predecessor-version":[{"id":980,"href":"https:\/\/taxizakopanerysy.pl\/index.php?rest_route=\/wp\/v2\/pages\/49\/revisions\/980"}],"wp:attachment":[{"href":"https:\/\/taxizakopanerysy.pl\/index.php?rest_route=%2Fwp%2Fv2%2Fmedia&parent=49"}],"curies":[{"name":"wp","href":"https:\/\/api.w.org\/{rel}","templated":true}]}}