{"id":47,"date":"2024-04-17T13:24:15","date_gmt":"2024-04-17T11:24:15","guid":{"rendered":"https:\/\/taxizakopanerysy.pl\/?page_id=47"},"modified":"2024-07-03T15:47:16","modified_gmt":"2024-07-03T13:47:16","slug":"uslugi","status":"publish","type":"page","link":"https:\/\/taxizakopanerysy.pl\/?page_id=47","title":{"rendered":"Us\u0142ugi"},"content":{"rendered":"\t\t<div data-elementor-type=\"wp-page\" data-elementor-id=\"47\" class=\"elementor elementor-47\" data-elementor-post-type=\"page\">\n\t\t\t\t<div class=\"elementor-element elementor-element-166640e e-flex e-con-boxed e-con e-parent\" data-id=\"166640e\" data-element_type=\"container\">\n\t\t\t\t\t<div class=\"e-con-inner\">\n\t\t\t\t<div class=\"elementor-element elementor-element-e80264e elementor-widget elementor-widget-heading\" data-id=\"e80264e\" data-element_type=\"widget\" data-widget_type=\"heading.default\">\n\t\t\t\t<div class=\"elementor-widget-container\">\n\t\t\t\t\t<h2 class=\"elementor-heading-title elementor-size-default\">\u015awiadczymy us\u0142ugi taxi na terenie Zakopanego oraz okolic <\/h2>\t\t\t\t<\/div>\n\t\t\t\t<\/div>\n\t\t\t\t<div class=\"elementor-element elementor-element-8d49df2 elementor-widget-divider--view-line elementor-widget elementor-widget-divider\" data-id=\"8d49df2\" data-element_type=\"widget\" data-widget_type=\"divider.default\">\n\t\t\t\t<div class=\"elementor-widget-container\">\n\t\t\t\t\t\t\t<div class=\"elementor-divider\">\n\t\t\t<span class=\"elementor-divider-separator\">\n\t\t\t\t\t\t<\/span>\n\t\t<\/div>\n\t\t\t\t\t\t<\/div>\n\t\t\t\t<\/div>\n\t\t\t\t\t<\/div>\n\t\t\t\t<\/div>\n\t\t<div class=\"elementor-element elementor-element-e22b9dd e-flex e-con-boxed e-con e-parent\" data-id=\"e22b9dd\" data-element_type=\"container\">\n\t\t\t\t\t<div class=\"e-con-inner\">\n\t\t\t\t<div class=\"elementor-element elementor-element-43499a9 elementor-widget__width-initial elementor-widget elementor-widget-text-editor\" data-id=\"43499a9\" data-element_type=\"widget\" data-widget_type=\"text-editor.default\">\n\t\t\t\t<div class=\"elementor-widget-container\">\n\t\t\t\t\t\t\t\t\t<p>Nasza firma transportowa specjalizuje si\u0119 w dostarczaniu niezapomnianych do\u015bwiadcze\u0144 podr\u00f3\u017cniczych, umo\u017cliwiaj\u0105c naszym klientom odkrywanie najpi\u0119kniejszych zak\u0105tk\u00f3w Zakopanego i jego okolic. Oferujemy szeroki zakres atrakcji, kt\u00f3re pozwalaj\u0105 naszym go\u015bciom na wszechstronne do\u015bwiadczenie tego urokliwego regionu.<\/p>\t\t\t\t\t\t\t\t<\/div>\n\t\t\t\t<\/div>\n\t\t\t\t\t<\/div>\n\t\t\t\t<\/div>\n\t\t<div class=\"elementor-element elementor-element-e539100 e-grid e-con-full e-con e-parent\" data-id=\"e539100\" data-element_type=\"container\" data-settings=\"{&quot;motion_fx_motion_fx_scrolling&quot;:&quot;yes&quot;,&quot;motion_fx_devices&quot;:[&quot;desktop&quot;,&quot;tablet&quot;,&quot;mobile&quot;]}\">\n\t\t\t\t<div class=\"elementor-element elementor-element-0107568 elementor-position-top elementor-widget elementor-widget-image-box\" data-id=\"0107568\" data-element_type=\"widget\" data-widget_type=\"image-box.default\">\n\t\t\t\t<div class=\"elementor-widget-container\">\n\t\t\t\t\t<div class=\"elementor-image-box-wrapper\"><figure class=\"elementor-image-box-img\"><a href=\"https:\/\/taxizakopanerysy.pl\/?page_id=172\" tabindex=\"-1\"><img fetchpriority=\"high\" decoding=\"async\" width=\"1920\" height=\"1625\" src=\"https:\/\/taxizakopanerysy.pl\/wp-content\/uploads\/2024\/04\/8112-scaled-e1714147390730.jpeg\" class=\"attachment-full size-full wp-image-276\" alt=\"\" srcset=\"https:\/\/taxizakopanerysy.pl\/wp-content\/uploads\/2024\/04\/8112-scaled-e1714147390730.jpeg 1920w, https:\/\/taxizakopanerysy.pl\/wp-content\/uploads\/2024\/04\/8112-scaled-e1714147390730-300x254.jpeg 300w, https:\/\/taxizakopanerysy.pl\/wp-content\/uploads\/2024\/04\/8112-scaled-e1714147390730-1024x867.jpeg 1024w, https:\/\/taxizakopanerysy.pl\/wp-content\/uploads\/2024\/04\/8112-scaled-e1714147390730-768x650.jpeg 768w, https:\/\/taxizakopanerysy.pl\/wp-content\/uploads\/2024\/04\/8112-scaled-e1714147390730-1536x1300.jpeg 1536w\" sizes=\"(max-width: 1920px) 100vw, 1920px\" \/><\/a><\/figure><div class=\"elementor-image-box-content\"><h2 class=\"elementor-image-box-title\"><a href=\"https:\/\/taxizakopanerysy.pl\/?page_id=172\">Transfery Lotniskowe<\/a><\/h2><\/div><\/div>\t\t\t\t<\/div>\n\t\t\t\t<\/div>\n\t\t\t\t<div class=\"elementor-element elementor-element-d6c5ac0 elementor-position-top elementor-widget elementor-widget-image-box\" data-id=\"d6c5ac0\" data-element_type=\"widget\" data-widget_type=\"image-box.default\">\n\t\t\t\t<div class=\"elementor-widget-container\">\n\t\t\t\t\t<div class=\"elementor-image-box-wrapper\"><figure class=\"elementor-image-box-img\"><a href=\"https:\/\/taxizakopanerysy.pl\/?page_id=180\" tabindex=\"-1\"><img decoding=\"async\" width=\"2560\" height=\"1920\" src=\"https:\/\/taxizakopanerysy.pl\/wp-content\/uploads\/2024\/04\/1000003789-2-scaled.jpeg\" class=\"attachment-full size-full wp-image-221\" alt=\"\" srcset=\"https:\/\/taxizakopanerysy.pl\/wp-content\/uploads\/2024\/04\/1000003789-2-scaled.jpeg 2560w, https:\/\/taxizakopanerysy.pl\/wp-content\/uploads\/2024\/04\/1000003789-2-300x225.jpeg 300w, https:\/\/taxizakopanerysy.pl\/wp-content\/uploads\/2024\/04\/1000003789-2-1024x768.jpeg 1024w, https:\/\/taxizakopanerysy.pl\/wp-content\/uploads\/2024\/04\/1000003789-2-768x576.jpeg 768w, https:\/\/taxizakopanerysy.pl\/wp-content\/uploads\/2024\/04\/1000003789-2-1536x1152.jpeg 1536w, https:\/\/taxizakopanerysy.pl\/wp-content\/uploads\/2024\/04\/1000003789-2-2048x1536.jpeg 2048w\" sizes=\"(max-width: 2560px) 100vw, 2560px\" \/><\/a><\/figure><div class=\"elementor-image-box-content\"><h2 class=\"elementor-image-box-title\"><a href=\"https:\/\/taxizakopanerysy.pl\/?page_id=180\">Kuligi w Dolinie Chocho\u0142owskiej<\/a><\/h2><\/div><\/div>\t\t\t\t<\/div>\n\t\t\t\t<\/div>\n\t\t\t\t<div class=\"elementor-element elementor-element-c145335 elementor-position-top elementor-widget elementor-widget-image-box\" data-id=\"c145335\" data-element_type=\"widget\" data-widget_type=\"image-box.default\">\n\t\t\t\t<div class=\"elementor-widget-container\">\n\t\t\t\t\t<div class=\"elementor-image-box-wrapper\"><figure class=\"elementor-image-box-img\"><a href=\"https:\/\/taxizakopanerysy.pl\/?page_id=776\" tabindex=\"-1\"><img decoding=\"async\" width=\"2560\" height=\"1707\" src=\"https:\/\/taxizakopanerysy.pl\/wp-content\/uploads\/2024\/04\/happy-male-traveler-posing-with-hands-up-standing-highway-looking-distant-trees-scaled.jpg\" class=\"attachment-full size-full wp-image-446\" alt=\"\" srcset=\"https:\/\/taxizakopanerysy.pl\/wp-content\/uploads\/2024\/04\/happy-male-traveler-posing-with-hands-up-standing-highway-looking-distant-trees-scaled.jpg 2560w, https:\/\/taxizakopanerysy.pl\/wp-content\/uploads\/2024\/04\/happy-male-traveler-posing-with-hands-up-standing-highway-looking-distant-trees-300x200.jpg 300w, https:\/\/taxizakopanerysy.pl\/wp-content\/uploads\/2024\/04\/happy-male-traveler-posing-with-hands-up-standing-highway-looking-distant-trees-1024x683.jpg 1024w, https:\/\/taxizakopanerysy.pl\/wp-content\/uploads\/2024\/04\/happy-male-traveler-posing-with-hands-up-standing-highway-looking-distant-trees-768x512.jpg 768w, https:\/\/taxizakopanerysy.pl\/wp-content\/uploads\/2024\/04\/happy-male-traveler-posing-with-hands-up-standing-highway-looking-distant-trees-1536x1024.jpg 1536w, https:\/\/taxizakopanerysy.pl\/wp-content\/uploads\/2024\/04\/happy-male-traveler-posing-with-hands-up-standing-highway-looking-distant-trees-2048x1365.jpg 2048w\" sizes=\"(max-width: 2560px) 100vw, 2560px\" \/><\/a><\/figure><div class=\"elementor-image-box-content\"><h2 class=\"elementor-image-box-title\"><a href=\"https:\/\/taxizakopanerysy.pl\/?page_id=776\">Wycieczki 1-dniowe<\/a><\/h2><\/div><\/div>\t\t\t\t<\/div>\n\t\t\t\t<\/div>\n\t\t\t\t<\/div>\n\t\t<div class=\"elementor-element elementor-element-d5ceef4 e-flex e-con-boxed e-con e-parent\" data-id=\"d5ceef4\" data-element_type=\"container\">\n\t\t\t\t\t<div class=\"e-con-inner\">\n\t\t\t\t<div class=\"elementor-element elementor-element-15c392f elementor-widget-divider--view-line elementor-widget elementor-widget-divider\" data-id=\"15c392f\" data-element_type=\"widget\" data-widget_type=\"divider.default\">\n\t\t\t\t<div class=\"elementor-widget-container\">\n\t\t\t\t\t\t\t<div class=\"elementor-divider\">\n\t\t\t<span class=\"elementor-divider-separator\">\n\t\t\t\t\t\t<\/span>\n\t\t<\/div>\n\t\t\t\t\t\t<\/div>\n\t\t\t\t<\/div>\n\t\t\t\t<div class=\"elementor-element elementor-element-95913ec elementor-widget elementor-widget-text-editor\" data-id=\"95913ec\" data-element_type=\"widget\" data-widget_type=\"text-editor.default\">\n\t\t\t\t<div class=\"elementor-widget-container\">\n\t\t\t\t\t\t\t\t\t<p>Niech nasza firma transportowa b\u0119dzie Twoim zaufanym partnerem w podr\u00f3\u017cy, zapewniaj\u0105c Ci niezapomniane do\u015bwiadczenia i wygodny transport do najpi\u0119kniejszych miejsc w Tatrach i okolicach Zakopanego.<\/p>\t\t\t\t\t\t\t\t<\/div>\n\t\t\t\t<\/div>\n\t\t\t\t\t<\/div>\n\t\t\t\t<\/div>\n\t\t<div class=\"elementor-element elementor-element-9412e10 e-flex e-con-boxed e-con e-parent\" data-id=\"9412e10\" data-element_type=\"container\">\n\t\t\t\t\t<div class=\"e-con-inner\">\n\t\t<div class=\"elementor-element elementor-element-64cf28c e-con-full e-flex e-con e-child\" data-id=\"64cf28c\" data-element_type=\"container\">\n\t\t\t\t<div class=\"elementor-element elementor-element-45198eb elementor-position-left elementor-vertical-align-top elementor-widget elementor-widget-image-box\" data-id=\"45198eb\" data-element_type=\"widget\" data-widget_type=\"image-box.default\">\n\t\t\t\t<div class=\"elementor-widget-container\">\n\t\t\t\t\t<div class=\"elementor-image-box-wrapper\"><figure class=\"elementor-image-box-img\"><img loading=\"lazy\" decoding=\"async\" width=\"1451\" height=\"1334\" src=\"https:\/\/taxizakopanerysy.pl\/wp-content\/uploads\/2024\/04\/wepik-export-20230604170959rye3.png\" class=\"attachment-full size-full wp-image-82\" alt=\"\" srcset=\"https:\/\/taxizakopanerysy.pl\/wp-content\/uploads\/2024\/04\/wepik-export-20230604170959rye3.png 1451w, https:\/\/taxizakopanerysy.pl\/wp-content\/uploads\/2024\/04\/wepik-export-20230604170959rye3-300x276.png 300w, https:\/\/taxizakopanerysy.pl\/wp-content\/uploads\/2024\/04\/wepik-export-20230604170959rye3-1024x941.png 1024w, https:\/\/taxizakopanerysy.pl\/wp-content\/uploads\/2024\/04\/wepik-export-20230604170959rye3-768x706.png 768w\" sizes=\"(max-width: 1451px) 100vw, 1451px\" \/><\/figure><div class=\"elementor-image-box-content\"><h3 class=\"elementor-image-box-title\">Obs\u0142ugujemy p\u0142atno\u015bci kartami p\u0142atniczymi oraz BLIK <\/h3><\/div><\/div>\t\t\t\t<\/div>\n\t\t\t\t<\/div>\n\t\t\t\t<\/div>\n\t\t<div class=\"elementor-element elementor-element-9d66e6d e-con-full e-flex e-con e-child\" data-id=\"9d66e6d\" data-element_type=\"container\">\n\t\t\t\t<div class=\"elementor-element elementor-element-e16b9c8 elementor-position-left elementor-vertical-align-top elementor-widget elementor-widget-image-box\" data-id=\"e16b9c8\" data-element_type=\"widget\" data-widget_type=\"image-box.default\">\n\t\t\t\t<div class=\"elementor-widget-container\">\n\t\t\t\t\t<div class=\"elementor-image-box-wrapper\"><figure class=\"elementor-image-box-img\"><img loading=\"lazy\" decoding=\"async\" width=\"2560\" height=\"2560\" src=\"https:\/\/taxizakopanerysy.pl\/wp-content\/uploads\/2024\/04\/15745-scaled.jpg\" class=\"attachment-full size-full wp-image-167\" alt=\"\" srcset=\"https:\/\/taxizakopanerysy.pl\/wp-content\/uploads\/2024\/04\/15745-scaled.jpg 2560w, https:\/\/taxizakopanerysy.pl\/wp-content\/uploads\/2024\/04\/15745-300x300.jpg 300w, https:\/\/taxizakopanerysy.pl\/wp-content\/uploads\/2024\/04\/15745-1024x1024.jpg 1024w, https:\/\/taxizakopanerysy.pl\/wp-content\/uploads\/2024\/04\/15745-150x150.jpg 150w, https:\/\/taxizakopanerysy.pl\/wp-content\/uploads\/2024\/04\/15745-768x768.jpg 768w, https:\/\/taxizakopanerysy.pl\/wp-content\/uploads\/2024\/04\/15745-1536x1536.jpg 1536w, https:\/\/taxizakopanerysy.pl\/wp-content\/uploads\/2024\/04\/15745-2048x2048.jpg 2048w\" sizes=\"(max-width: 2560px) 100vw, 2560px\" \/><\/figure><div class=\"elementor-image-box-content\"><h3 class=\"elementor-image-box-title\">Jeste\u015bmy dost\u0119pni 24h\/7<\/h3><\/div><\/div>\t\t\t\t<\/div>\n\t\t\t\t<\/div>\n\t\t\t\t<\/div>\n\t\t\t\t\t<\/div>\n\t\t\t\t<\/div>\n\t\t<div class=\"elementor-element elementor-element-72672da e-flex e-con-boxed e-con e-parent\" data-id=\"72672da\" data-element_type=\"container\">\n\t\t\t\t\t<div class=\"e-con-inner\">\n\t\t\t\t<div class=\"elementor-element elementor-element-3c05e18 elementor-widget__width-initial elementor-fixed elementor-align-center elementor-widget elementor-widget-global elementor-global-341 elementor-widget-button\" data-id=\"3c05e18\" data-element_type=\"widget\" data-settings=\"{&quot;_position&quot;:&quot;fixed&quot;}\" data-widget_type=\"button.default\">\n\t\t\t\t<div class=\"elementor-widget-container\">\n\t\t\t\t\t\t\t\t\t<div class=\"elementor-button-wrapper\">\n\t\t\t\t\t<a class=\"elementor-button elementor-button-link elementor-size-md\" href=\"tel:+48%20886%20769%20265\">\n\t\t\t\t\t\t<span class=\"elementor-button-content-wrapper\">\n\t\t\t\t\t\t<span class=\"elementor-button-icon\">\n\t\t\t\t<svg aria-hidden=\"true\" class=\"e-font-icon-svg e-fas-phone-alt\" viewBox=\"0 0 512 512\" xmlns=\"http:\/\/www.w3.org\/2000\/svg\"><path d=\"M497.39 361.8l-112-48a24 24 0 0 0-28 6.9l-49.6 60.6A370.66 370.66 0 0 1 130.6 204.11l60.6-49.6a23.94 23.94 0 0 0 6.9-28l-48-112A24.16 24.16 0 0 0 122.6.61l-104 24A24 24 0 0 0 0 48c0 256.5 207.9 464 464 464a24 24 0 0 0 23.4-18.6l24-104a24.29 24.29 0 0 0-14.01-27.6z\"><\/path><\/svg>\t\t\t<\/span>\n\t\t\t\t\t\t\t\t<\/span>\n\t\t\t\t\t<\/a>\n\t\t\t\t<\/div>\n\t\t\t\t\t\t\t\t<\/div>\n\t\t\t\t<\/div>\n\t\t\t\t\t<\/div>\n\t\t\t\t<\/div>\n\t\t\t\t<\/div>\n\t\t","protected":false},"excerpt":{"rendered":"<p>\u015awiadczymy us\u0142ugi taxi na terenie Zakopanego oraz okolic Nasza firma transportowa specjalizuje si\u0119 w dostarczaniu niezapomnianych do\u015bwiadcze\u0144 podr\u00f3\u017cniczych, umo\u017cliwiaj\u0105c naszym klientom odkrywanie najpi\u0119kniejszych zak\u0105tk\u00f3w Zakopanego&hellip;<\/p>\n","protected":false},"author":1,"featured_media":0,"parent":0,"menu_order":0,"comment_status":"closed","ping_status":"closed","template":"","meta":{"footnotes":""},"class_list":["post-47","page","type-page","status-publish","hentry"],"yoast_head":"<!-- This site is optimized with the Yoast SEO Premium plugin v24.0 (Yoast SEO v24.0) - https:\/\/yoast.com\/wordpress\/plugins\/seo\/ -->\n<title>Us\u0142ugi - Taxi Zakopane &quot;RYSY&quot;<\/title>\n<meta name=\"robots\" content=\"index, follow, max-snippet:-1, max-image-preview:large, max-video-preview:-1\" \/>\n<link rel=\"canonical\" href=\"https:\/\/taxizakopanerysy.pl\/?page_id=47\" \/>\n<meta property=\"og:locale\" content=\"en_US\" \/>\n<meta property=\"og:type\" content=\"article\" \/>\n<meta property=\"og:title\" content=\"Us\u0142ugi\" \/>\n<meta property=\"og:description\" content=\"\u015awiadczymy us\u0142ugi taxi na terenie Zakopanego oraz okolic Nasza firma transportowa specjalizuje si\u0119 w dostarczaniu niezapomnianych do\u015bwiadcze\u0144 podr\u00f3\u017cniczych, umo\u017cliwiaj\u0105c naszym klientom odkrywanie najpi\u0119kniejszych zak\u0105tk\u00f3w Zakopanego&hellip;\" \/>\n<meta property=\"og:url\" content=\"https:\/\/taxizakopanerysy.pl\/?page_id=47\" \/>\n<meta property=\"og:site_name\" content=\"Taxi Zakopane &quot;RYSY&quot;\" \/>\n<meta property=\"article:publisher\" content=\"https:\/\/www.facebook.com\/TaxiRysy24h\" \/>\n<meta property=\"article:modified_time\" content=\"2024-07-03T13:47:16+00:00\" \/>\n<meta property=\"og:image\" content=\"https:\/\/taxizakopanerysy.pl\/wp-content\/uploads\/2024\/04\/8112-scaled-e1714147390730.jpeg\" \/>\n<meta name=\"twitter:card\" content=\"summary_large_image\" \/>\n<meta name=\"twitter:label1\" content=\"Est. reading time\" \/>\n\t<meta name=\"twitter:data1\" content=\"2 minutes\" \/>\n<script type=\"application\/ld+json\" class=\"yoast-schema-graph\">{\"@context\":\"https:\/\/schema.org\",\"@graph\":[{\"@type\":\"WebPage\",\"@id\":\"https:\/\/taxizakopanerysy.pl\/?page_id=47\",\"url\":\"https:\/\/taxizakopanerysy.pl\/?page_id=47\",\"name\":\"Us\u0142ugi - Taxi Zakopane &quot;RYSY&quot;\",\"isPartOf\":{\"@id\":\"https:\/\/taxizakopanerysy.pl\/#website\"},\"primaryImageOfPage\":{\"@id\":\"https:\/\/taxizakopanerysy.pl\/?page_id=47#primaryimage\"},\"image\":{\"@id\":\"https:\/\/taxizakopanerysy.pl\/?page_id=47#primaryimage\"},\"thumbnailUrl\":\"https:\/\/taxizakopanerysy.pl\/wp-content\/uploads\/2024\/04\/8112-scaled-e1714147390730.jpeg\",\"datePublished\":\"2024-04-17T11:24:15+00:00\",\"dateModified\":\"2024-07-03T13:47:16+00:00\",\"breadcrumb\":{\"@id\":\"https:\/\/taxizakopanerysy.pl\/?page_id=47#breadcrumb\"},\"inLanguage\":\"en-US\",\"potentialAction\":[{\"@type\":\"ReadAction\",\"target\":[\"https:\/\/taxizakopanerysy.pl\/?page_id=47\"]}]},{\"@type\":\"ImageObject\",\"inLanguage\":\"en-US\",\"@id\":\"https:\/\/taxizakopanerysy.pl\/?page_id=47#primaryimage\",\"url\":\"https:\/\/taxizakopanerysy.pl\/wp-content\/uploads\/2024\/04\/8112-scaled-e1714147390730.jpeg\",\"contentUrl\":\"https:\/\/taxizakopanerysy.pl\/wp-content\/uploads\/2024\/04\/8112-scaled-e1714147390730.jpeg\",\"width\":1920,\"height\":1625},{\"@type\":\"BreadcrumbList\",\"@id\":\"https:\/\/taxizakopanerysy.pl\/?page_id=47#breadcrumb\",\"itemListElement\":[{\"@type\":\"ListItem\",\"position\":1,\"name\":\"Strona g\u0142\u00f3wna\",\"item\":\"https:\/\/taxizakopanerysy.pl\/\"},{\"@type\":\"ListItem\",\"position\":2,\"name\":\"Us\u0142ugi\"}]},{\"@type\":\"WebSite\",\"@id\":\"https:\/\/taxizakopanerysy.pl\/#website\",\"url\":\"https:\/\/taxizakopanerysy.pl\/\",\"name\":\"Taxi Zakopane \\\"Rysy\\\"\",\"description\":\"Zarezerwuj teraz niezawodn\u0105 us\u0142ug\u0119 taks\u00f3wki w Zakopanem.\",\"publisher\":{\"@id\":\"https:\/\/taxizakopanerysy.pl\/#organization\"},\"potentialAction\":[{\"@type\":\"SearchAction\",\"target\":{\"@type\":\"EntryPoint\",\"urlTemplate\":\"https:\/\/taxizakopanerysy.pl\/?s={search_term_string}\"},\"query-input\":{\"@type\":\"PropertyValueSpecification\",\"valueRequired\":true,\"valueName\":\"search_term_string\"}}],\"inLanguage\":\"en-US\"},{\"@type\":\"Organization\",\"@id\":\"https:\/\/taxizakopanerysy.pl\/#organization\",\"name\":\"Taxi Zakopane \\\"Rysy\\\"\",\"url\":\"https:\/\/taxizakopanerysy.pl\/\",\"logo\":{\"@type\":\"ImageObject\",\"inLanguage\":\"en-US\",\"@id\":\"https:\/\/taxizakopanerysy.pl\/#\/schema\/logo\/image\/\",\"url\":\"https:\/\/taxizakopanerysy.pl\/wp-content\/uploads\/2024\/04\/2380-kopia.png\",\"contentUrl\":\"https:\/\/taxizakopanerysy.pl\/wp-content\/uploads\/2024\/04\/2380-kopia.png\",\"width\":578,\"height\":578,\"caption\":\"Taxi Zakopane \\\"Rysy\\\"\"},\"image\":{\"@id\":\"https:\/\/taxizakopanerysy.pl\/#\/schema\/logo\/image\/\"},\"sameAs\":[\"https:\/\/www.facebook.com\/TaxiRysy24h\"],\"publishingPrinciples\":\"https:\/\/taxizakopanerysy.pl\/\"}]}<\/script>\n<!-- \/ Yoast SEO Premium plugin. -->","yoast_head_json":{"title":"Us\u0142ugi - Taxi Zakopane &quot;RYSY&quot;","robots":{"index":"index","follow":"follow","max-snippet":"max-snippet:-1","max-image-preview":"max-image-preview:large","max-video-preview":"max-video-preview:-1"},"canonical":"https:\/\/taxizakopanerysy.pl\/?page_id=47","og_locale":"en_US","og_type":"article","og_title":"Us\u0142ugi","og_description":"\u015awiadczymy us\u0142ugi taxi na terenie Zakopanego oraz okolic Nasza firma transportowa specjalizuje si\u0119 w dostarczaniu niezapomnianych do\u015bwiadcze\u0144 podr\u00f3\u017cniczych, umo\u017cliwiaj\u0105c naszym klientom odkrywanie najpi\u0119kniejszych zak\u0105tk\u00f3w Zakopanego&hellip;","og_url":"https:\/\/taxizakopanerysy.pl\/?page_id=47","og_site_name":"Taxi Zakopane &quot;RYSY&quot;","article_publisher":"https:\/\/www.facebook.com\/TaxiRysy24h","article_modified_time":"2024-07-03T13:47:16+00:00","og_image":[{"url":"https:\/\/taxizakopanerysy.pl\/wp-content\/uploads\/2024\/04\/8112-scaled-e1714147390730.jpeg","type":"","width":"","height":""}],"twitter_card":"summary_large_image","twitter_misc":{"Est. reading time":"2 minutes"},"schema":{"@context":"https:\/\/schema.org","@graph":[{"@type":"WebPage","@id":"https:\/\/taxizakopanerysy.pl\/?page_id=47","url":"https:\/\/taxizakopanerysy.pl\/?page_id=47","name":"Us\u0142ugi - Taxi Zakopane &quot;RYSY&quot;","isPartOf":{"@id":"https:\/\/taxizakopanerysy.pl\/#website"},"primaryImageOfPage":{"@id":"https:\/\/taxizakopanerysy.pl\/?page_id=47#primaryimage"},"image":{"@id":"https:\/\/taxizakopanerysy.pl\/?page_id=47#primaryimage"},"thumbnailUrl":"https:\/\/taxizakopanerysy.pl\/wp-content\/uploads\/2024\/04\/8112-scaled-e1714147390730.jpeg","datePublished":"2024-04-17T11:24:15+00:00","dateModified":"2024-07-03T13:47:16+00:00","breadcrumb":{"@id":"https:\/\/taxizakopanerysy.pl\/?page_id=47#breadcrumb"},"inLanguage":"en-US","potentialAction":[{"@type":"ReadAction","target":["https:\/\/taxizakopanerysy.pl\/?page_id=47"]}]},{"@type":"ImageObject","inLanguage":"en-US","@id":"https:\/\/taxizakopanerysy.pl\/?page_id=47#primaryimage","url":"https:\/\/taxizakopanerysy.pl\/wp-content\/uploads\/2024\/04\/8112-scaled-e1714147390730.jpeg","contentUrl":"https:\/\/taxizakopanerysy.pl\/wp-content\/uploads\/2024\/04\/8112-scaled-e1714147390730.jpeg","width":1920,"height":1625},{"@type":"BreadcrumbList","@id":"https:\/\/taxizakopanerysy.pl\/?page_id=47#breadcrumb","itemListElement":[{"@type":"ListItem","position":1,"name":"Strona g\u0142\u00f3wna","item":"https:\/\/taxizakopanerysy.pl\/"},{"@type":"ListItem","position":2,"name":"Us\u0142ugi"}]},{"@type":"WebSite","@id":"https:\/\/taxizakopanerysy.pl\/#website","url":"https:\/\/taxizakopanerysy.pl\/","name":"Taxi Zakopane \"Rysy\"","description":"Zarezerwuj teraz niezawodn\u0105 us\u0142ug\u0119 taks\u00f3wki w Zakopanem.","publisher":{"@id":"https:\/\/taxizakopanerysy.pl\/#organization"},"potentialAction":[{"@type":"SearchAction","target":{"@type":"EntryPoint","urlTemplate":"https:\/\/taxizakopanerysy.pl\/?s={search_term_string}"},"query-input":{"@type":"PropertyValueSpecification","valueRequired":true,"valueName":"search_term_string"}}],"inLanguage":"en-US"},{"@type":"Organization","@id":"https:\/\/taxizakopanerysy.pl\/#organization","name":"Taxi Zakopane \"Rysy\"","url":"https:\/\/taxizakopanerysy.pl\/","logo":{"@type":"ImageObject","inLanguage":"en-US","@id":"https:\/\/taxizakopanerysy.pl\/#\/schema\/logo\/image\/","url":"https:\/\/taxizakopanerysy.pl\/wp-content\/uploads\/2024\/04\/2380-kopia.png","contentUrl":"https:\/\/taxizakopanerysy.pl\/wp-content\/uploads\/2024\/04\/2380-kopia.png","width":578,"height":578,"caption":"Taxi Zakopane \"Rysy\""},"image":{"@id":"https:\/\/taxizakopanerysy.pl\/#\/schema\/logo\/image\/"},"sameAs":["https:\/\/www.facebook.com\/TaxiRysy24h"],"publishingPrinciples":"https:\/\/taxizakopanerysy.pl\/"}]}},"_links":{"self":[{"href":"https:\/\/taxizakopanerysy.pl\/index.php?rest_route=\/wp\/v2\/pages\/47","targetHints":{"allow":["GET"]}}],"collection":[{"href":"https:\/\/taxizakopanerysy.pl\/index.php?rest_route=\/wp\/v2\/pages"}],"about":[{"href":"https:\/\/taxizakopanerysy.pl\/index.php?rest_route=\/wp\/v2\/types\/page"}],"author":[{"embeddable":true,"href":"https:\/\/taxizakopanerysy.pl\/index.php?rest_route=\/wp\/v2\/users\/1"}],"replies":[{"embeddable":true,"href":"https:\/\/taxizakopanerysy.pl\/index.php?rest_route=%2Fwp%2Fv2%2Fcomments&post=47"}],"version-history":[{"count":49,"href":"https:\/\/taxizakopanerysy.pl\/index.php?rest_route=\/wp\/v2\/pages\/47\/revisions"}],"predecessor-version":[{"id":783,"href":"https:\/\/taxizakopanerysy.pl\/index.php?rest_route=\/wp\/v2\/pages\/47\/revisions\/783"}],"wp:attachment":[{"href":"https:\/\/taxizakopanerysy.pl\/index.php?rest_route=%2Fwp%2Fv2%2Fmedia&parent=47"}],"curies":[{"name":"wp","href":"https:\/\/api.w.org\/{rel}","templated":true}]}}