{"id":131,"date":"2024-04-22T14:52:36","date_gmt":"2024-04-22T12:52:36","guid":{"rendered":"https:\/\/taxizakopanerysy.pl\/?page_id=131"},"modified":"2024-04-26T16:29:39","modified_gmt":"2024-04-26T14:29:39","slug":"rodo","status":"publish","type":"page","link":"https:\/\/taxizakopanerysy.pl\/?page_id=131","title":{"rendered":"RODO"},"content":{"rendered":"\t\t<div data-elementor-type=\"wp-page\" data-elementor-id=\"131\" class=\"elementor elementor-131\" data-elementor-post-type=\"page\">\n\t\t\t\t<div class=\"elementor-element elementor-element-a75c237 e-flex e-con-boxed e-con e-parent\" data-id=\"a75c237\" data-element_type=\"container\">\n\t\t\t\t\t<div class=\"e-con-inner\">\n\t\t\t\t<div class=\"elementor-element elementor-element-044e3a3 elementor-widget elementor-widget-heading\" data-id=\"044e3a3\" data-element_type=\"widget\" data-widget_type=\"heading.default\">\n\t\t\t\t<div class=\"elementor-widget-container\">\n\t\t\t\t\t<h2 class=\"elementor-heading-title elementor-size-default\">Rodo<\/h2>\t\t\t\t<\/div>\n\t\t\t\t<\/div>\n\t\t\t\t\t<\/div>\n\t\t\t\t<\/div>\n\t\t<div class=\"elementor-element elementor-element-3c7bd38 e-flex e-con-boxed e-con e-parent\" data-id=\"3c7bd38\" data-element_type=\"container\">\n\t\t\t\t\t<div class=\"e-con-inner\">\n\t\t\t\t<div class=\"elementor-element elementor-element-b195329 elementor-widget elementor-widget-text-editor\" data-id=\"b195329\" data-element_type=\"widget\" data-widget_type=\"text-editor.default\">\n\t\t\t\t<div class=\"elementor-widget-container\">\n\t\t\t\t\t\t\t\t\t<p><strong>Klauzula RODO dla Strony Taxi &#8220;Rysy&#8221;<\/strong><\/p><ol><li><p><strong>Informacje o Administratorze Danych<\/strong><\/p><p>Administratorem Pa\u0144stwa danych osobowych jest Taxi &#8220;Rysy&#8221; z siedzib\u0105 w Zakopanem, ul. Oberconi\u00f3wka 24b, 34-500 Zakopane, NIP: [numer NIP].<\/p><\/li><li><p><strong>Cel przetwarzania danych osobowych<\/strong><\/p><p>Pa\u0144stwa dane osobowe b\u0119d\u0105 przetwarzane w celu umo\u017cliwienia \u015bwiadczenia us\u0142ug transportowych, w tym rezerwacji i realizacji przejazd\u00f3w.<\/p><\/li><li><p><strong>Podstawa prawna przetwarzania<\/strong><\/p><p>Przetwarzanie Pa\u0144stwa danych osobowych odbywa si\u0119 na podstawie:<\/p><p>a) zgody wyra\u017conej przez Pa\u0144stwa w celu korzystania z naszych us\u0142ug;<\/p><p>b) konieczno\u015bci przetwarzania danych do wykonania umowy zawartej z Pa\u0144stwem lub do podj\u0119cia dzia\u0142a\u0144 na Pa\u0144stwa \u017c\u0105danie przed zawarciem umowy;<\/p><p>c) wype\u0142nienia obowi\u0105zk\u00f3w prawnych ci\u0105\u017c\u0105cych na Administratorze Danych;<\/p><p>d) realizacji prawnie uzasadnionych interes\u00f3w Taxi &#8220;Rysy&#8221;, w szczeg\u00f3lno\u015bci w celu zapewnienia bezpiecze\u0144stwa i jako\u015bci \u015bwiadczonych us\u0142ug.<\/p><\/li><li><p><strong>Rodzaje przetwarzanych danych osobowych<\/strong><\/p><p>Przetwarzamy Pa\u0144stwa dane osobowe takie jak: imi\u0119 i nazwisko, adres e-mail, numer telefonu, dane dotycz\u0105ce p\u0142atno\u015bci oraz inne informacje niezb\u0119dne do \u015bwiadczenia us\u0142ug transportowych.<\/p><\/li><li><p><strong>Odbiorcy danych osobowych<\/strong><\/p><p>Pa\u0144stwa dane osobowe mog\u0105 by\u0107 udost\u0119pniane podmiotom wsp\u00f3\u0142pracuj\u0105cym z Taxi &#8220;Rysy&#8221; w zakresie niezb\u0119dnym do \u015bwiadczenia us\u0142ug, takim jak kierowcy, podmioty \u015bwiadcz\u0105ce us\u0142ugi techniczne i informatyczne, oraz organom pa\u0144stwowym w przypadkach przewidzianych przepisami prawa.<\/p><\/li><li><p><strong>Okres przechowywania danych osobowych<\/strong><\/p><p>Pa\u0144stwa dane osobowe b\u0119d\u0105 przechowywane przez okres niezb\u0119dny do realizacji cel\u00f3w, dla kt\u00f3rych zosta\u0142y zebrane, oraz w celu spe\u0142nienia obowi\u0105zk\u00f3w wynikaj\u0105cych z przepis\u00f3w prawa.<\/p><\/li><li><p><strong>Prawa zwi\u0105zane z przetwarzaniem danych osobowych<\/strong><\/p><p>Przys\u0142uguje Pa\u0144stwu prawo do dost\u0119pu do Pa\u0144stwa danych osobowych, ich poprawiania, usuni\u0119cia lub ograniczenia przetwarzania, a tak\u017ce prawo do wniesienia sprzeciwu wobec przetwarzania danych oraz prawo do przenoszenia danych.<\/p><\/li><li><p><strong>Wyra\u017cenie zgody na przetwarzanie danych osobowych<\/strong><\/p><p>Korzystanie z us\u0142ug Taxi &#8220;Rysy&#8221; oznacza wyra\u017cenie zgody na przetwarzanie Pa\u0144stwa danych osobowych zgodnie z niniejsz\u0105 klauzul\u0105 RODO.<\/p><\/li><li><p><strong>Kontakt w sprawie ochrony danych osobowych<\/strong><\/p><p>W sprawach dotycz\u0105cych ochrony danych osobowych mo\u017cna kontaktowa\u0107 si\u0119 z nami pod adresem e-mail: [adres e-mail] lub pisemnie na adres siedziby Administratora Danych.<\/p><\/li><li><p><strong>Prawo do skargi<\/strong><\/p><\/li><\/ol><p>Przys\u0142uguje Pa\u0144stwu prawo do wniesienia skargi do Prezesa Urz\u0119du Ochrony Danych Osobowych, je\u015bli uznaj\u0105 Pa\u0144stwo, \u017ce przetwarzanie Pa\u0144stwa danych osobowych narusza przepisy RODO.<\/p><p>Prosimy o zapoznanie si\u0119 z tre\u015bci\u0105 niniejszej klauzuli RODO przed skorzystaniem z naszych us\u0142ug.<\/p>\t\t\t\t\t\t\t\t<\/div>\n\t\t\t\t<\/div>\n\t\t\t\t\t<\/div>\n\t\t\t\t<\/div>\n\t\t<div class=\"elementor-element elementor-element-ca8cfbe e-flex e-con-boxed e-con e-parent\" data-id=\"ca8cfbe\" data-element_type=\"container\">\n\t\t\t\t\t<div class=\"e-con-inner\">\n\t\t\t\t<div class=\"elementor-element elementor-element-3e8fd43 elementor-widget__width-initial elementor-fixed elementor-align-center elementor-widget elementor-widget-global elementor-global-341 elementor-widget-button\" data-id=\"3e8fd43\" data-element_type=\"widget\" data-settings=\"{&quot;_position&quot;:&quot;fixed&quot;}\" data-widget_type=\"button.default\">\n\t\t\t\t<div class=\"elementor-widget-container\">\n\t\t\t\t\t\t\t\t\t<div class=\"elementor-button-wrapper\">\n\t\t\t\t\t<a class=\"elementor-button elementor-button-link elementor-size-md\" href=\"tel:+48%20886%20769%20265\">\n\t\t\t\t\t\t<span class=\"elementor-button-content-wrapper\">\n\t\t\t\t\t\t<span class=\"elementor-button-icon\">\n\t\t\t\t<svg aria-hidden=\"true\" class=\"e-font-icon-svg e-fas-phone-alt\" viewBox=\"0 0 512 512\" xmlns=\"http:\/\/www.w3.org\/2000\/svg\"><path d=\"M497.39 361.8l-112-48a24 24 0 0 0-28 6.9l-49.6 60.6A370.66 370.66 0 0 1 130.6 204.11l60.6-49.6a23.94 23.94 0 0 0 6.9-28l-48-112A24.16 24.16 0 0 0 122.6.61l-104 24A24 24 0 0 0 0 48c0 256.5 207.9 464 464 464a24 24 0 0 0 23.4-18.6l24-104a24.29 24.29 0 0 0-14.01-27.6z\"><\/path><\/svg>\t\t\t<\/span>\n\t\t\t\t\t\t\t\t<\/span>\n\t\t\t\t\t<\/a>\n\t\t\t\t<\/div>\n\t\t\t\t\t\t\t\t<\/div>\n\t\t\t\t<\/div>\n\t\t\t\t\t<\/div>\n\t\t\t\t<\/div>\n\t\t\t\t<\/div>\n\t\t","protected":false},"excerpt":{"rendered":"<p>Rodo Klauzula RODO dla Strony Taxi &#8220;Rysy&#8221; Informacje o Administratorze Danych Administratorem Pa\u0144stwa danych osobowych jest Taxi &#8220;Rysy&#8221; z siedzib\u0105 w Zakopanem, ul. Oberconi\u00f3wka 24b,&hellip;<\/p>\n","protected":false},"author":1,"featured_media":0,"parent":0,"menu_order":0,"comment_status":"closed","ping_status":"closed","template":"","meta":{"footnotes":""},"class_list":["post-131","page","type-page","status-publish","hentry"],"yoast_head":"<!-- This site is optimized with the Yoast SEO Premium plugin v24.0 (Yoast SEO v24.0) - https:\/\/yoast.com\/wordpress\/plugins\/seo\/ -->\n<title>RODO - Taxi Zakopane &quot;RYSY&quot;<\/title>\n<meta name=\"robots\" content=\"index, follow, max-snippet:-1, max-image-preview:large, max-video-preview:-1\" \/>\n<link rel=\"canonical\" href=\"https:\/\/taxizakopanerysy.pl\/?page_id=131\" \/>\n<meta property=\"og:locale\" content=\"en_US\" \/>\n<meta property=\"og:type\" content=\"article\" \/>\n<meta property=\"og:title\" content=\"RODO\" \/>\n<meta property=\"og:description\" content=\"Rodo Klauzula RODO dla Strony Taxi &#8220;Rysy&#8221; Informacje o Administratorze Danych Administratorem Pa\u0144stwa danych osobowych jest Taxi &#8220;Rysy&#8221; z siedzib\u0105 w Zakopanem, ul. Oberconi\u00f3wka 24b,&hellip;\" \/>\n<meta property=\"og:url\" content=\"https:\/\/taxizakopanerysy.pl\/?page_id=131\" \/>\n<meta property=\"og:site_name\" content=\"Taxi Zakopane &quot;RYSY&quot;\" \/>\n<meta property=\"article:publisher\" content=\"https:\/\/www.facebook.com\/TaxiRysy24h\" \/>\n<meta property=\"article:modified_time\" content=\"2024-04-26T14:29:39+00:00\" \/>\n<meta name=\"twitter:card\" content=\"summary_large_image\" \/>\n<meta name=\"twitter:label1\" content=\"Est. reading time\" \/>\n\t<meta name=\"twitter:data1\" content=\"3 minutes\" \/>\n<script type=\"application\/ld+json\" class=\"yoast-schema-graph\">{\"@context\":\"https:\/\/schema.org\",\"@graph\":[{\"@type\":\"WebPage\",\"@id\":\"https:\/\/taxizakopanerysy.pl\/?page_id=131\",\"url\":\"https:\/\/taxizakopanerysy.pl\/?page_id=131\",\"name\":\"RODO - Taxi Zakopane &quot;RYSY&quot;\",\"isPartOf\":{\"@id\":\"https:\/\/taxizakopanerysy.pl\/#website\"},\"datePublished\":\"2024-04-22T12:52:36+00:00\",\"dateModified\":\"2024-04-26T14:29:39+00:00\",\"breadcrumb\":{\"@id\":\"https:\/\/taxizakopanerysy.pl\/?page_id=131#breadcrumb\"},\"inLanguage\":\"en-US\",\"potentialAction\":[{\"@type\":\"ReadAction\",\"target\":[\"https:\/\/taxizakopanerysy.pl\/?page_id=131\"]}]},{\"@type\":\"BreadcrumbList\",\"@id\":\"https:\/\/taxizakopanerysy.pl\/?page_id=131#breadcrumb\",\"itemListElement\":[{\"@type\":\"ListItem\",\"position\":1,\"name\":\"Strona g\u0142\u00f3wna\",\"item\":\"https:\/\/taxizakopanerysy.pl\/\"},{\"@type\":\"ListItem\",\"position\":2,\"name\":\"RODO\"}]},{\"@type\":\"WebSite\",\"@id\":\"https:\/\/taxizakopanerysy.pl\/#website\",\"url\":\"https:\/\/taxizakopanerysy.pl\/\",\"name\":\"Taxi Zakopane \\\"Rysy\\\"\",\"description\":\"Zarezerwuj teraz niezawodn\u0105 us\u0142ug\u0119 taks\u00f3wki w Zakopanem.\",\"publisher\":{\"@id\":\"https:\/\/taxizakopanerysy.pl\/#organization\"},\"potentialAction\":[{\"@type\":\"SearchAction\",\"target\":{\"@type\":\"EntryPoint\",\"urlTemplate\":\"https:\/\/taxizakopanerysy.pl\/?s={search_term_string}\"},\"query-input\":{\"@type\":\"PropertyValueSpecification\",\"valueRequired\":true,\"valueName\":\"search_term_string\"}}],\"inLanguage\":\"en-US\"},{\"@type\":\"Organization\",\"@id\":\"https:\/\/taxizakopanerysy.pl\/#organization\",\"name\":\"Taxi Zakopane \\\"Rysy\\\"\",\"url\":\"https:\/\/taxizakopanerysy.pl\/\",\"logo\":{\"@type\":\"ImageObject\",\"inLanguage\":\"en-US\",\"@id\":\"https:\/\/taxizakopanerysy.pl\/#\/schema\/logo\/image\/\",\"url\":\"https:\/\/taxizakopanerysy.pl\/wp-content\/uploads\/2024\/04\/2380-kopia.png\",\"contentUrl\":\"https:\/\/taxizakopanerysy.pl\/wp-content\/uploads\/2024\/04\/2380-kopia.png\",\"width\":578,\"height\":578,\"caption\":\"Taxi Zakopane \\\"Rysy\\\"\"},\"image\":{\"@id\":\"https:\/\/taxizakopanerysy.pl\/#\/schema\/logo\/image\/\"},\"sameAs\":[\"https:\/\/www.facebook.com\/TaxiRysy24h\"],\"publishingPrinciples\":\"https:\/\/taxizakopanerysy.pl\/\"}]}<\/script>\n<!-- \/ Yoast SEO Premium plugin. -->","yoast_head_json":{"title":"RODO - Taxi Zakopane &quot;RYSY&quot;","robots":{"index":"index","follow":"follow","max-snippet":"max-snippet:-1","max-image-preview":"max-image-preview:large","max-video-preview":"max-video-preview:-1"},"canonical":"https:\/\/taxizakopanerysy.pl\/?page_id=131","og_locale":"en_US","og_type":"article","og_title":"RODO","og_description":"Rodo Klauzula RODO dla Strony Taxi &#8220;Rysy&#8221; Informacje o Administratorze Danych Administratorem Pa\u0144stwa danych osobowych jest Taxi &#8220;Rysy&#8221; z siedzib\u0105 w Zakopanem, ul. Oberconi\u00f3wka 24b,&hellip;","og_url":"https:\/\/taxizakopanerysy.pl\/?page_id=131","og_site_name":"Taxi Zakopane &quot;RYSY&quot;","article_publisher":"https:\/\/www.facebook.com\/TaxiRysy24h","article_modified_time":"2024-04-26T14:29:39+00:00","twitter_card":"summary_large_image","twitter_misc":{"Est. reading time":"3 minutes"},"schema":{"@context":"https:\/\/schema.org","@graph":[{"@type":"WebPage","@id":"https:\/\/taxizakopanerysy.pl\/?page_id=131","url":"https:\/\/taxizakopanerysy.pl\/?page_id=131","name":"RODO - Taxi Zakopane &quot;RYSY&quot;","isPartOf":{"@id":"https:\/\/taxizakopanerysy.pl\/#website"},"datePublished":"2024-04-22T12:52:36+00:00","dateModified":"2024-04-26T14:29:39+00:00","breadcrumb":{"@id":"https:\/\/taxizakopanerysy.pl\/?page_id=131#breadcrumb"},"inLanguage":"en-US","potentialAction":[{"@type":"ReadAction","target":["https:\/\/taxizakopanerysy.pl\/?page_id=131"]}]},{"@type":"BreadcrumbList","@id":"https:\/\/taxizakopanerysy.pl\/?page_id=131#breadcrumb","itemListElement":[{"@type":"ListItem","position":1,"name":"Strona g\u0142\u00f3wna","item":"https:\/\/taxizakopanerysy.pl\/"},{"@type":"ListItem","position":2,"name":"RODO"}]},{"@type":"WebSite","@id":"https:\/\/taxizakopanerysy.pl\/#website","url":"https:\/\/taxizakopanerysy.pl\/","name":"Taxi Zakopane \"Rysy\"","description":"Zarezerwuj teraz niezawodn\u0105 us\u0142ug\u0119 taks\u00f3wki w Zakopanem.","publisher":{"@id":"https:\/\/taxizakopanerysy.pl\/#organization"},"potentialAction":[{"@type":"SearchAction","target":{"@type":"EntryPoint","urlTemplate":"https:\/\/taxizakopanerysy.pl\/?s={search_term_string}"},"query-input":{"@type":"PropertyValueSpecification","valueRequired":true,"valueName":"search_term_string"}}],"inLanguage":"en-US"},{"@type":"Organization","@id":"https:\/\/taxizakopanerysy.pl\/#organization","name":"Taxi Zakopane \"Rysy\"","url":"https:\/\/taxizakopanerysy.pl\/","logo":{"@type":"ImageObject","inLanguage":"en-US","@id":"https:\/\/taxizakopanerysy.pl\/#\/schema\/logo\/image\/","url":"https:\/\/taxizakopanerysy.pl\/wp-content\/uploads\/2024\/04\/2380-kopia.png","contentUrl":"https:\/\/taxizakopanerysy.pl\/wp-content\/uploads\/2024\/04\/2380-kopia.png","width":578,"height":578,"caption":"Taxi Zakopane \"Rysy\""},"image":{"@id":"https:\/\/taxizakopanerysy.pl\/#\/schema\/logo\/image\/"},"sameAs":["https:\/\/www.facebook.com\/TaxiRysy24h"],"publishingPrinciples":"https:\/\/taxizakopanerysy.pl\/"}]}},"_links":{"self":[{"href":"https:\/\/taxizakopanerysy.pl\/index.php?rest_route=\/wp\/v2\/pages\/131","targetHints":{"allow":["GET"]}}],"collection":[{"href":"https:\/\/taxizakopanerysy.pl\/index.php?rest_route=\/wp\/v2\/pages"}],"about":[{"href":"https:\/\/taxizakopanerysy.pl\/index.php?rest_route=\/wp\/v2\/types\/page"}],"author":[{"embeddable":true,"href":"https:\/\/taxizakopanerysy.pl\/index.php?rest_route=\/wp\/v2\/users\/1"}],"replies":[{"embeddable":true,"href":"https:\/\/taxizakopanerysy.pl\/index.php?rest_route=%2Fwp%2Fv2%2Fcomments&post=131"}],"version-history":[{"count":7,"href":"https:\/\/taxizakopanerysy.pl\/index.php?rest_route=\/wp\/v2\/pages\/131\/revisions"}],"predecessor-version":[{"id":356,"href":"https:\/\/taxizakopanerysy.pl\/index.php?rest_route=\/wp\/v2\/pages\/131\/revisions\/356"}],"wp:attachment":[{"href":"https:\/\/taxizakopanerysy.pl\/index.php?rest_route=%2Fwp%2Fv2%2Fmedia&parent=131"}],"curies":[{"name":"wp","href":"https:\/\/api.w.org\/{rel}","templated":true}]}}